{"id":496,"date":"2022-09-09T10:44:31","date_gmt":"2022-09-09T02:44:31","guid":{"rendered":"https:\/\/enamelled-wire.cn\/?post_type=product&#038;p=496"},"modified":"2022-09-09T10:44:31","modified_gmt":"2022-09-09T02:44:31","slug":"chinese-nomex-paper-covered-aluminum-copper-flat-wirechinese-nomex-paper-covered-aluminum-copper-flat-wire","status":"publish","type":"product","link":"https:\/\/enamelled-wire.cn\/pt\/product\/chines-nomex-papel-coberto-aluminio-cobre-plano-fio-chines-nomex-papel-coberto-aluminio-cobre-plano-fio\/","title":{"rendered":"Fio plano de cobre\/alum\u00ednio revestido de papel chin\u00eas NOMEX"},"content":{"rendered":"<p>Fio plano de cobre\/alum\u00ednio revestido de papel chin\u00eas NOMEX<\/p>\n<p><strong>Detalhes r\u00e1pidos<\/strong><\/p>\n<p>Lugar de origem: China Marca: XINCHENG<\/p>\n<p>Nome: Alum\u00ednio\/Cobre Coberto de Papel Tipo de Fio: Isolado<\/p>\n<p>Aplica\u00e7\u00e3o: enrolamentos de transformador imersos em \u00f3leo Classe T\u00e9rmica: 220C<\/p>\n<p>Material de isolamento: papel NOMEX, papel aramida<\/p>\n<p>Forma: redonda e plana Tipo de condutor: S\u00f3lido<\/p>\n<p>Fio redondo (Al &amp; Cu) coberto de papel kraft: 1,0 mm-7,0 mm<\/p>\n<p>Arame AL retangular coberto com papel kraft: (a) 0,90 mm-10,00 mm, (b) 2,00-35,00 mm<\/p>\n<p>Fio de cobre retangular coberto com papel kraft: (a) 0,90 mm-5,60 mm, (b) 2,00-16,00 mm<\/p>\n<p>Fio retangular coberto de papel NOMEX: (a): 0,90 mm-10,00 mm Lado(b): 2,00 mm-16,00 mm<\/p>\n<p>Camada: Simples, duplo, triplo, multicamadas ou de acordo com sua exig\u00eancia<\/p>\n<p>Material do condutor: cobre ou alum\u00ednio<\/p>\n<p>Bobina: carretel de madeira 30kg\/50kg\/150kg ou de acordo com a exig\u00eancia de clientes<\/p>\n<p>Padr\u00e3o: IEC, NEMA, GB, JIS Certifica\u00e7\u00f5es: SGS, UL, RoHS, ISO<\/p>\n<p>Garantia: 1 ano OEM e ODM: Aceite<\/p>\n<p>&nbsp;<\/p>","protected":false},"excerpt":{"rendered":"<p>O fio de alum\u00ednio envolto em papel Nomex \u00e9 um fio de enrolamento feito de haste de cobre livre de oxig\u00eanio ou haste de alum\u00ednio redonda el\u00e9trica extrudada por um molde padr\u00e3o e envolvida com papel isolante t410 Nomex produzido pela DuPont.<\/p>","protected":false},"featured_media":505,"template":"","meta":{"_kad_post_transparent":"default","_kad_post_title":"","_kad_post_layout":"default","_kad_post_sidebar_id":"","_kad_post_content_style":"default","_kad_post_vertical_padding":"default","_kad_post_feature":"","_kad_post_feature_position":"","_kad_post_header":false,"_kad_post_footer":false},"product_cat":[22],"product_tag":[87,91,92,86],"class_list":["post-496","product","type-product","status-publish","has-post-thumbnail","hentry","product_cat-paper-wrapped-wire","product_tag-50-overlap-self-lock","product_tag-chinese-nomex-paper-covered-aluminum-copper-flat-wire","product_tag-nomex-covered-rectangular-flat-aluminum-wire","product_tag-nomex-t410-covered-al-flat-wire-2-layers","entry","content-bg","loop-entry"],"yoast_head":"<!-- This site is optimized with the Yoast SEO Premium plugin v15.9.1 - https:\/\/yoast.com\/wordpress\/plugins\/seo\/ -->\n<title>Chinese NOMEX Paper Covered Aluminum\/ Copper Flat Wire - Enamelled Wire<\/title>\n<meta name=\"description\" content=\"Nomex Paper wrapped aluminum wire is a winding wire made of oxygen free copper rod or electrical round aluminum rod extruded by a standard mold and wrapped with t410 Nomex insulating paper produced by DuPont.\" \/>\n<link rel=\"canonical\" href=\"https:\/\/enamelled-wire.cn\/pt\/product\/chines-nomex-papel-coberto-aluminio-cobre-plano-fio-chines-nomex-papel-coberto-aluminio-cobre-plano-fio\/\" \/>\n<meta property=\"og:locale\" content=\"pt_PT\" \/>\n<meta property=\"og:type\" content=\"article\" \/>\n<meta property=\"og:title\" content=\"Chinese NOMEX Paper Covered Aluminum\/ Copper Flat Wire - Enamelled Wire\" \/>\n<meta property=\"og:description\" content=\"Nomex Paper wrapped aluminum wire is a winding wire made of oxygen free copper rod or electrical round aluminum rod extruded by a standard mold and wrapped with t410 Nomex insulating paper produced by DuPont.\" \/>\n<meta property=\"og:url\" content=\"https:\/\/enamelled-wire.cn\/pt\/product\/chines-nomex-papel-coberto-aluminio-cobre-plano-fio-chines-nomex-papel-coberto-aluminio-cobre-plano-fio\/\" \/>\n<meta property=\"og:site_name\" content=\"Enamelled Wire\" \/>\n<meta property=\"og:image\" content=\"https:\/\/enamelled-wire.cn\/wp-content\/uploads\/2022\/09\/A78787.jpg\" \/>\n\t<meta property=\"og:image:width\" content=\"800\" \/>\n\t<meta property=\"og:image:height\" content=\"800\" \/>\n<meta name=\"twitter:card\" content=\"summary_large_image\" \/>\n<meta name=\"twitter:label1\" content=\"Tempo estimado de leitura\">\n\t<meta name=\"twitter:data1\" content=\"1 minuto\">\n<script type=\"application\/ld+json\" class=\"yoast-schema-graph\">{\"@context\":\"https:\/\/schema.org\",\"@graph\":[{\"@type\":\"WebSite\",\"@id\":\"https:\/\/enamelled-wire.cn\/pt\/#website\",\"url\":\"https:\/\/enamelled-wire.cn\/pt\/\",\"name\":\"Enamelled Wire\",\"description\":\"\",\"potentialAction\":[{\"@type\":\"SearchAction\",\"target\":\"https:\/\/enamelled-wire.cn\/pt\/?s={search_term_string}\",\"query-input\":\"required name=search_term_string\"}],\"inLanguage\":\"pt-PT\"},{\"@type\":\"ImageObject\",\"@id\":\"https:\/\/enamelled-wire.cn\/pt\/product\/chines-nomex-papel-coberto-aluminio-cobre-plano-fio-chines-nomex-papel-coberto-aluminio-cobre-plano-fio\/#primaryimage\",\"inLanguage\":\"pt-PT\",\"url\":\"https:\/\/enamelled-wire.cn\/wp-content\/uploads\/2022\/09\/A78787.jpg\",\"width\":800,\"height\":800,\"caption\":\"NOMEX Covered Rectangular\/Flat Aluminum Wire\"},{\"@type\":\"WebPage\",\"@id\":\"https:\/\/enamelled-wire.cn\/pt\/product\/chines-nomex-papel-coberto-aluminio-cobre-plano-fio-chines-nomex-papel-coberto-aluminio-cobre-plano-fio\/#webpage\",\"url\":\"https:\/\/enamelled-wire.cn\/pt\/product\/chines-nomex-papel-coberto-aluminio-cobre-plano-fio-chines-nomex-papel-coberto-aluminio-cobre-plano-fio\/\",\"name\":\"Chinese NOMEX Paper Covered Aluminum\/ Copper Flat Wire - Enamelled Wire\",\"isPartOf\":{\"@id\":\"https:\/\/enamelled-wire.cn\/pt\/#website\"},\"primaryImageOfPage\":{\"@id\":\"https:\/\/enamelled-wire.cn\/pt\/product\/chines-nomex-papel-coberto-aluminio-cobre-plano-fio-chines-nomex-papel-coberto-aluminio-cobre-plano-fio\/#primaryimage\"},\"datePublished\":\"2022-09-09T02:44:31+00:00\",\"dateModified\":\"2022-09-09T02:44:31+00:00\",\"description\":\"Nomex Paper wrapped aluminum wire is a winding wire made of oxygen free copper rod or electrical round aluminum rod extruded by a standard mold and wrapped with t410 Nomex insulating paper produced by DuPont.\",\"breadcrumb\":{\"@id\":\"https:\/\/enamelled-wire.cn\/pt\/product\/chines-nomex-papel-coberto-aluminio-cobre-plano-fio-chines-nomex-papel-coberto-aluminio-cobre-plano-fio\/#breadcrumb\"},\"inLanguage\":\"pt-PT\",\"potentialAction\":[{\"@type\":\"ReadAction\",\"target\":[\"https:\/\/enamelled-wire.cn\/pt\/product\/chines-nomex-papel-coberto-aluminio-cobre-plano-fio-chines-nomex-papel-coberto-aluminio-cobre-plano-fio\/\"]}]},{\"@type\":\"BreadcrumbList\",\"@id\":\"https:\/\/enamelled-wire.cn\/pt\/product\/chines-nomex-papel-coberto-aluminio-cobre-plano-fio-chines-nomex-papel-coberto-aluminio-cobre-plano-fio\/#breadcrumb\",\"itemListElement\":[{\"@type\":\"ListItem\",\"position\":1,\"item\":{\"@type\":\"WebPage\",\"@id\":\"https:\/\/enamelled-wire.cn\/pt\/\",\"url\":\"https:\/\/enamelled-wire.cn\/pt\/\",\"name\":\"\\u9996\\u9875\"}},{\"@type\":\"ListItem\",\"position\":2,\"item\":{\"@type\":\"WebPage\",\"@id\":\"https:\/\/enamelled-wire.cn\/pt\/products\/\",\"url\":\"https:\/\/enamelled-wire.cn\/pt\/products\/\",\"name\":\"Products\"}},{\"@type\":\"ListItem\",\"position\":3,\"item\":{\"@type\":\"WebPage\",\"@id\":\"https:\/\/enamelled-wire.cn\/pt\/product\/chines-nomex-papel-coberto-aluminio-cobre-plano-fio-chines-nomex-papel-coberto-aluminio-cobre-plano-fio\/\",\"url\":\"https:\/\/enamelled-wire.cn\/pt\/product\/chines-nomex-papel-coberto-aluminio-cobre-plano-fio-chines-nomex-papel-coberto-aluminio-cobre-plano-fio\/\",\"name\":\"Chinese NOMEX Paper Covered Aluminum\/ Copper Flat Wire\"}}]}]}<\/script>\n<!-- \/ Yoast SEO Premium plugin. -->","_links":{"self":[{"href":"https:\/\/enamelled-wire.cn\/pt\/wp-json\/wp\/v2\/product\/496","targetHints":{"allow":["GET"]}}],"collection":[{"href":"https:\/\/enamelled-wire.cn\/pt\/wp-json\/wp\/v2\/product"}],"about":[{"href":"https:\/\/enamelled-wire.cn\/pt\/wp-json\/wp\/v2\/types\/product"}],"wp:featuredmedia":[{"embeddable":true,"href":"https:\/\/enamelled-wire.cn\/pt\/wp-json\/wp\/v2\/media\/505"}],"wp:attachment":[{"href":"https:\/\/enamelled-wire.cn\/pt\/wp-json\/wp\/v2\/media?parent=496"}],"wp:term":[{"taxonomy":"product_cat","embeddable":true,"href":"https:\/\/enamelled-wire.cn\/pt\/wp-json\/wp\/v2\/product_cat?post=496"},{"taxonomy":"product_tag","embeddable":true,"href":"https:\/\/enamelled-wire.cn\/pt\/wp-json\/wp\/v2\/product_tag?post=496"}],"curies":[{"name":"wp","href":"https:\/\/api.w.org\/{rel}","templated":true}]}}